{"id":862,"date":"2019-07-22T11:05:43","date_gmt":"2019-07-22T11:05:43","guid":{"rendered":"https:\/\/app-cprd-adultlearning.azurewebsites.net\/?page_id=862"},"modified":"2026-01-20T11:46:32","modified_gmt":"2026-01-20T11:46:32","slug":"cysylltu-a-ni","status":"publish","type":"page","link":"https:\/\/www.adultlearningcardiff.co.uk\/cy\/cysylltu-a-ni\/","title":{"rendered":"Cysylltwch \u00e2&#8217;r t\u00eem Dysgu Oedolion"},"content":{"rendered":"<div class=\"wpb-content-wrapper\"><p>[vc_row][vc_column width=&#8221;2\/3&#8243; el_id=&#8221;linkpad&#8221;][vc_column_text]<\/p>\n<h2>Cysylltwch \u00e2 ni ar-lein<\/h2>\n<p>[\/vc_column_text][vc_raw_js]JTNDJTIxLS0lMjBHb3NzJTIwaWZyYW1lJTIwcmVzaXplci0tJTNFJTBBJTNDc2NyaXB0JTIwdHlwZSUzRCUyMnRleHQlMkZqYXZhc2NyaXB0JTIyJTIwc3JjJTNEJTIyJTBBJTJGd3AtY29udGVudCUyRnRoZW1lcyUyRmh1bnRzbWFuLWNoaWxkJTJGanMlMkZpZnJhbWVSZXNpemVyLm1pbi5qcyUyMiUzRSUzQyUyRnNjcmlwdCUzRSUyMCUyMA==[\/vc_raw_js][vc_raw_html css=&#8221;&#8221;]JTIwJTNDaWZyYW1lJTIwc3JjJTNEJTIyaHR0cHMlM0ElMkYlMkZ3d3cuZmZ1cmZsZW5uaWN5bmdvcmNhZXJkeWRkLmNvLnVrJTJGYXJ0aWNsZSUyRjE3MjQlMjIlMjBPbkxvYWQlM0QlMjJzZXRUaW1lb3V0JTI4ZnVuY3Rpb24lMjglMjklN0IlMjB3aW5kb3cuc2Nyb2xsVG8lMjgwJTJDMCUyOSUzQiU3RCUyQyUyMDEwMCUyOSUyMCUyMiUyMGlkJTNEJTIyZ29zc3Jlc2l6ZSUyMiUyMCUyMHNjcm9sbGluZyUzRCUyMm5vJTIyJTIwdGl0bGUlM0QlMjJDb250YWN0JTIwdXMlMjBmb3JtJTIwdmlhJTIwR29zcyUyMGZvcm1zJTIyJTIwd2lkdGglM0QlMjIxMDAlMjUlMjIlM0UlM0MlMkZpZnJhbWUlM0UlMjAlMjAlMEElM0NzY3JpcHQlMjB0eXBlJTNEJTIydGV4dCUyRmphdmFzY3JpcHQlMjIlM0VpRnJhbWVSZXNpemUlMjglN0IlMjBsb2clM0ElMjB0cnVlJTIwJTdEJTJDJTIwJTI3JTIzZ29zc3Jlc2l6ZSUyNyUyOSUzQyUyRnNjcmlwdCUzRSUwQSUwQSUwQQ==[\/vc_raw_html][\/vc_column][vc_column width=&#8221;1\/3&#8243;][vc_column_text css_animation=&#8221;none&#8221;]<\/p>\n<h2>Ffoniwch<\/h2>\n<p>\u200b\u200b<span style=\"font-size: 22px;\"><i class=\"fas fa-mobile-alt fontapad\"><\/i> <a title=\"Ffoniwch ar 029 2087 2030\" href=\"tel:029 2087 2030\">029 2087 2030<\/a><\/span><\/p>\n<p>[\/vc_column_text][\/vc_column][\/vc_row][vc_row][vc_column][vc_empty_space height=&#8221;75px&#8221;][\/vc_column][\/vc_row]<\/p>\n<\/div>","protected":false},"excerpt":{"rendered":"[vc_row][vc_column width=&#8221;2\/3&#8243; el_id=&#8221;linkpad&#8221;][vc_column_text] Cysylltwch \u00e2 ni ar-lein [\/vc_column_text][vc_raw_js]JTNDJTIxLS0lMjBHb3NzJTIwaWZyYW1lJTIwcmVzaXplci0tJTNFJTBBJTNDc2NyaXB0JTIwdHlwZSUzRCUyMnRleHQlMkZqYXZhc2NyaXB0JTIyJTIwc3JjJTNEJTIyJTBBJTJGd3AtY29udGVudCUyRnRoZW1lcyUyRmh1bnRzbWFuLWNoaWxkJTJGanMlMkZpZnJhbWVSZXNpemVyLm1pbi5qcyUyMiUzRSUzQyUyRnNjcmlwdCUzRSUyMCUyMA==[\/vc_raw_js][vc_raw_html css=&#8221;&#8221;]JTIwJTNDaWZyYW1lJTIwc3JjJTNEJTIyaHR0cHMlM0ElMkYlMkZ3d3cuZmZ1cmZsZW5uaWN5bmdvcmNhZXJkeWRkLmNvLnVrJTJGYXJ0aWNsZSUyRjE3MjQlMjIlMjBPbkxvYWQlM0QlMjJzZXRUaW1lb3V0JTI4ZnVuY3Rpb24lMjglMjklN0IlMjB3aW5kb3cuc2Nyb2xsVG8lMjgwJTJDMCUyOSUzQiU3RCUyQyUyMDEwMCUyOSUyMCUyMiUyMGlkJTNEJTIyZ29zc3Jlc2l6ZSUyMiUyMCUyMHNjcm9sbGluZyUzRCUyMm5vJTIyJTIwdGl0bGUlM0QlMjJDb250YWN0JTIwdXMlMjBmb3JtJTIwdmlhJTIwR29zcyUyMGZvcm1zJTIyJTIwd2lkdGglM0QlMjIxMDAlMjUlMjIlM0UlM0MlMkZpZnJhbWUlM0UlMjAlMjAlMEElM0NzY3JpcHQlMjB0eXBlJTNEJTIydGV4dCUyRmphdmFzY3JpcHQlMjIlM0VpRnJhbWVSZXNpemUlMjglN0IlMjBsb2clM0ElMjB0cnVlJTIwJTdEJTJDJTIwJTI3JTIzZ29zc3Jlc2l6ZSUyNyUyOSUzQyUyRnNjcmlwdCUzRSUwQSUwQSUwQQ==[\/vc_raw_html][\/vc_column][vc_column width=&#8221;1\/3&#8243;][vc_column_text css_animation=&#8221;none&#8221;] Ffoniwch \u200b\u200b 029 2087 2030 [\/vc_column_text][\/vc_column][\/vc_row][vc_row][vc_column][vc_empty_space height=&#8221;75px&#8221;][\/vc_column][\/vc_row]","protected":false},"author":13,"featured_media":61,"parent":0,"menu_order":0,"comment_status":"closed","ping_status":"closed","template":"","meta":{"footnotes":""},"class_list":["post-862","page","type-page","status-publish","has-post-thumbnail","hentry"],"yoast_head":"<!-- This site is optimized with the Yoast SEO plugin v27.3 - https:\/\/yoast.com\/product\/yoast-seo-wordpress\/ -->\n<title>Cysylltwch \u00e2&#039;r t\u00eem Dysgu Oedolion - Adult Learning Cardiff<\/title>\n<meta name=\"description\" content=\"Cysylltwch \u00e2\u2019r t\u00eem dysgu oedolion a fydd yn hapus i\u2019ch cynghori ar unrhyw gwestiynau a allai fod gennych. Rydym yma i\u2019ch helpu gyda\u2019ch dysgu.\" \/>\n<meta name=\"robots\" content=\"index, follow, max-snippet:-1, max-image-preview:large, max-video-preview:-1\" \/>\n<link rel=\"canonical\" href=\"https:\/\/www.adultlearningcardiff.co.uk\/cy\/cysylltu-a-ni\/\" \/>\n<meta property=\"og:locale\" content=\"cy_GB\" \/>\n<meta property=\"og:type\" content=\"article\" \/>\n<meta property=\"og:title\" content=\"Cysylltwch \u00e2&#039;r t\u00eem Dysgu Oedolion - Adult Learning Cardiff\" \/>\n<meta property=\"og:description\" content=\"Cysylltwch \u00e2\u2019r t\u00eem dysgu oedolion a fydd yn hapus i\u2019ch cynghori ar unrhyw gwestiynau a allai fod gennych. Rydym yma i\u2019ch helpu gyda\u2019ch dysgu.\" \/>\n<meta property=\"og:url\" content=\"https:\/\/www.adultlearningcardiff.co.uk\/cy\/cysylltu-a-ni\/\" \/>\n<meta property=\"og:site_name\" content=\"Adult Learning Cardiff\" \/>\n<meta property=\"article:modified_time\" content=\"2026-01-20T11:46:32+00:00\" \/>\n<meta property=\"og:image\" content=\"https:\/\/www.adultlearningcardiff.co.uk\/wp-content\/uploads\/Classphoto.jpg\" \/>\n\t<meta property=\"og:image:width\" content=\"1118\" \/>\n\t<meta property=\"og:image:height\" content=\"1104\" \/>\n\t<meta property=\"og:image:type\" content=\"image\/jpeg\" \/>\n<meta name=\"twitter:card\" content=\"summary_large_image\" \/>\n<meta name=\"twitter:label1\" content=\"Est. reading time\" \/>\n\t<meta name=\"twitter:data1\" content=\"1 minute\" \/>\n<script type=\"application\/ld+json\" class=\"yoast-schema-graph\">{\"@context\":\"https:\\\/\\\/schema.org\",\"@graph\":[{\"@type\":\"WebPage\",\"@id\":\"https:\\\/\\\/www.adultlearningcardiff.co.uk\\\/cy\\\/cysylltu-a-ni\\\/\",\"url\":\"https:\\\/\\\/www.adultlearningcardiff.co.uk\\\/cy\\\/cysylltu-a-ni\\\/\",\"name\":\"Cysylltwch \u00e2'r t\u00eem Dysgu Oedolion - Adult Learning Cardiff\",\"isPartOf\":{\"@id\":\"https:\\\/\\\/www.adultlearningcardiff.co.uk\\\/cy\\\/#website\"},\"primaryImageOfPage\":{\"@id\":\"https:\\\/\\\/www.adultlearningcardiff.co.uk\\\/cy\\\/cysylltu-a-ni\\\/#primaryimage\"},\"image\":{\"@id\":\"https:\\\/\\\/www.adultlearningcardiff.co.uk\\\/cy\\\/cysylltu-a-ni\\\/#primaryimage\"},\"thumbnailUrl\":\"https:\\\/\\\/www.adultlearningcardiff.co.uk\\\/wp-content\\\/uploads\\\/Classphoto.jpg\",\"datePublished\":\"2019-07-22T11:05:43+00:00\",\"dateModified\":\"2026-01-20T11:46:32+00:00\",\"description\":\"Cysylltwch \u00e2\u2019r t\u00eem dysgu oedolion a fydd yn hapus i\u2019ch cynghori ar unrhyw gwestiynau a allai fod gennych. Rydym yma i\u2019ch helpu gyda\u2019ch dysgu.\",\"breadcrumb\":{\"@id\":\"https:\\\/\\\/www.adultlearningcardiff.co.uk\\\/cy\\\/cysylltu-a-ni\\\/#breadcrumb\"},\"inLanguage\":\"cy-GB\",\"potentialAction\":[{\"@type\":\"ReadAction\",\"target\":[\"https:\\\/\\\/www.adultlearningcardiff.co.uk\\\/cy\\\/cysylltu-a-ni\\\/\"]}]},{\"@type\":\"ImageObject\",\"inLanguage\":\"cy-GB\",\"@id\":\"https:\\\/\\\/www.adultlearningcardiff.co.uk\\\/cy\\\/cysylltu-a-ni\\\/#primaryimage\",\"url\":\"https:\\\/\\\/www.adultlearningcardiff.co.uk\\\/wp-content\\\/uploads\\\/Classphoto.jpg\",\"contentUrl\":\"https:\\\/\\\/www.adultlearningcardiff.co.uk\\\/wp-content\\\/uploads\\\/Classphoto.jpg\",\"width\":1118,\"height\":1104,\"caption\":\"photo of a clay making class at Llanover Hall\"},{\"@type\":\"BreadcrumbList\",\"@id\":\"https:\\\/\\\/www.adultlearningcardiff.co.uk\\\/cy\\\/cysylltu-a-ni\\\/#breadcrumb\",\"itemListElement\":[{\"@type\":\"ListItem\",\"position\":1,\"name\":\"Hafan\",\"item\":\"https:\\\/\\\/www.adultlearningcardiff.co.uk\\\/cy\\\/\"},{\"@type\":\"ListItem\",\"position\":2,\"name\":\"Cysylltwch \u00e2&#8217;r t\u00eem Dysgu Oedolion\"}]},{\"@type\":\"WebSite\",\"@id\":\"https:\\\/\\\/www.adultlearningcardiff.co.uk\\\/cy\\\/#website\",\"url\":\"https:\\\/\\\/www.adultlearningcardiff.co.uk\\\/cy\\\/\",\"name\":\"Adult Learning Cardiff\",\"description\":\"Learning for Life and Work\",\"potentialAction\":[{\"@type\":\"SearchAction\",\"target\":{\"@type\":\"EntryPoint\",\"urlTemplate\":\"https:\\\/\\\/www.adultlearningcardiff.co.uk\\\/cy\\\/?s={search_term_string}\"},\"query-input\":{\"@type\":\"PropertyValueSpecification\",\"valueRequired\":true,\"valueName\":\"search_term_string\"}}],\"inLanguage\":\"cy-GB\"}]}<\/script>\n<!-- \/ Yoast SEO plugin. -->","yoast_head_json":{"title":"Cysylltwch \u00e2'r t\u00eem Dysgu Oedolion - Adult Learning Cardiff","description":"Cysylltwch \u00e2\u2019r t\u00eem dysgu oedolion a fydd yn hapus i\u2019ch cynghori ar unrhyw gwestiynau a allai fod gennych. Rydym yma i\u2019ch helpu gyda\u2019ch dysgu.","robots":{"index":"index","follow":"follow","max-snippet":"max-snippet:-1","max-image-preview":"max-image-preview:large","max-video-preview":"max-video-preview:-1"},"canonical":"https:\/\/www.adultlearningcardiff.co.uk\/cy\/cysylltu-a-ni\/","og_locale":"cy_GB","og_type":"article","og_title":"Cysylltwch \u00e2'r t\u00eem Dysgu Oedolion - Adult Learning Cardiff","og_description":"Cysylltwch \u00e2\u2019r t\u00eem dysgu oedolion a fydd yn hapus i\u2019ch cynghori ar unrhyw gwestiynau a allai fod gennych. Rydym yma i\u2019ch helpu gyda\u2019ch dysgu.","og_url":"https:\/\/www.adultlearningcardiff.co.uk\/cy\/cysylltu-a-ni\/","og_site_name":"Adult Learning Cardiff","article_modified_time":"2026-01-20T11:46:32+00:00","og_image":[{"width":1118,"height":1104,"url":"https:\/\/www.adultlearningcardiff.co.uk\/wp-content\/uploads\/Classphoto.jpg","type":"image\/jpeg"}],"twitter_card":"summary_large_image","twitter_misc":{"Est. reading time":"1 minute"},"schema":{"@context":"https:\/\/schema.org","@graph":[{"@type":"WebPage","@id":"https:\/\/www.adultlearningcardiff.co.uk\/cy\/cysylltu-a-ni\/","url":"https:\/\/www.adultlearningcardiff.co.uk\/cy\/cysylltu-a-ni\/","name":"Cysylltwch \u00e2'r t\u00eem Dysgu Oedolion - Adult Learning Cardiff","isPartOf":{"@id":"https:\/\/www.adultlearningcardiff.co.uk\/cy\/#website"},"primaryImageOfPage":{"@id":"https:\/\/www.adultlearningcardiff.co.uk\/cy\/cysylltu-a-ni\/#primaryimage"},"image":{"@id":"https:\/\/www.adultlearningcardiff.co.uk\/cy\/cysylltu-a-ni\/#primaryimage"},"thumbnailUrl":"https:\/\/www.adultlearningcardiff.co.uk\/wp-content\/uploads\/Classphoto.jpg","datePublished":"2019-07-22T11:05:43+00:00","dateModified":"2026-01-20T11:46:32+00:00","description":"Cysylltwch \u00e2\u2019r t\u00eem dysgu oedolion a fydd yn hapus i\u2019ch cynghori ar unrhyw gwestiynau a allai fod gennych. Rydym yma i\u2019ch helpu gyda\u2019ch dysgu.","breadcrumb":{"@id":"https:\/\/www.adultlearningcardiff.co.uk\/cy\/cysylltu-a-ni\/#breadcrumb"},"inLanguage":"cy-GB","potentialAction":[{"@type":"ReadAction","target":["https:\/\/www.adultlearningcardiff.co.uk\/cy\/cysylltu-a-ni\/"]}]},{"@type":"ImageObject","inLanguage":"cy-GB","@id":"https:\/\/www.adultlearningcardiff.co.uk\/cy\/cysylltu-a-ni\/#primaryimage","url":"https:\/\/www.adultlearningcardiff.co.uk\/wp-content\/uploads\/Classphoto.jpg","contentUrl":"https:\/\/www.adultlearningcardiff.co.uk\/wp-content\/uploads\/Classphoto.jpg","width":1118,"height":1104,"caption":"photo of a clay making class at Llanover Hall"},{"@type":"BreadcrumbList","@id":"https:\/\/www.adultlearningcardiff.co.uk\/cy\/cysylltu-a-ni\/#breadcrumb","itemListElement":[{"@type":"ListItem","position":1,"name":"Hafan","item":"https:\/\/www.adultlearningcardiff.co.uk\/cy\/"},{"@type":"ListItem","position":2,"name":"Cysylltwch \u00e2&#8217;r t\u00eem Dysgu Oedolion"}]},{"@type":"WebSite","@id":"https:\/\/www.adultlearningcardiff.co.uk\/cy\/#website","url":"https:\/\/www.adultlearningcardiff.co.uk\/cy\/","name":"Adult Learning Cardiff","description":"Learning for Life and Work","potentialAction":[{"@type":"SearchAction","target":{"@type":"EntryPoint","urlTemplate":"https:\/\/www.adultlearningcardiff.co.uk\/cy\/?s={search_term_string}"},"query-input":{"@type":"PropertyValueSpecification","valueRequired":true,"valueName":"search_term_string"}}],"inLanguage":"cy-GB"}]}},"_links":{"self":[{"href":"https:\/\/www.adultlearningcardiff.co.uk\/cy\/wp-json\/wp\/v2\/pages\/862","targetHints":{"allow":["GET"]}}],"collection":[{"href":"https:\/\/www.adultlearningcardiff.co.uk\/cy\/wp-json\/wp\/v2\/pages"}],"about":[{"href":"https:\/\/www.adultlearningcardiff.co.uk\/cy\/wp-json\/wp\/v2\/types\/page"}],"author":[{"embeddable":true,"href":"https:\/\/www.adultlearningcardiff.co.uk\/cy\/wp-json\/wp\/v2\/users\/13"}],"replies":[{"embeddable":true,"href":"https:\/\/www.adultlearningcardiff.co.uk\/cy\/wp-json\/wp\/v2\/comments?post=862"}],"version-history":[{"count":6,"href":"https:\/\/www.adultlearningcardiff.co.uk\/cy\/wp-json\/wp\/v2\/pages\/862\/revisions"}],"predecessor-version":[{"id":10228,"href":"https:\/\/www.adultlearningcardiff.co.uk\/cy\/wp-json\/wp\/v2\/pages\/862\/revisions\/10228"}],"wp:featuredmedia":[{"embeddable":true,"href":"https:\/\/www.adultlearningcardiff.co.uk\/cy\/wp-json\/wp\/v2\/media\/61"}],"wp:attachment":[{"href":"https:\/\/www.adultlearningcardiff.co.uk\/cy\/wp-json\/wp\/v2\/media?parent=862"}],"curies":[{"name":"wp","href":"https:\/\/api.w.org\/{rel}","templated":true}]}}