{"id":8504,"date":"2024-01-16T11:59:10","date_gmt":"2024-01-16T11:59:10","guid":{"rendered":"https:\/\/app-cprd-adultlearning.azurewebsites.net\/?page_id=8504"},"modified":"2024-01-16T11:59:10","modified_gmt":"2024-01-16T11:59:10","slug":"hysbysiad-preifatrwydd-dysgu-ar-gyfer-gwaith","status":"publish","type":"page","link":"https:\/\/www.adultlearningcardiff.co.uk\/cy\/cyrsiau-dysgu-ar-gyfer-gwaith\/hysbysiad-preifatrwydd-dysgu-ar-gyfer-gwaith\/","title":{"rendered":"Hysbysiad Preifatrwydd &#8211; Dysgu ar gyfer Gwaith"},"content":{"rendered":"<p>Mae Dysgu Oedolion Caerdydd (Dysgu ar gyfer Gwaith) yn rhan o Gyngor Caerdydd, Rheolydd y Data at ddibenion casglu data.<\/p>\n<p>Bydd y polisi preifatrwydd hwn yn esbonio sut mae Dysgu Oedolion Caerdydd (Dysgu ar gyfer Gwaith) yn defnyddio&#8217;r data personol a gasglwn gennych pan fyddwch yn defnyddio\u2019n gwefan neu\u2019n gwasanaeth.<\/p>\n<p>Mae\u2019r holl ddata personol a gesglir yn cael ei brosesu yn unol \u00e2 Rheoliad Cyffredinol ar Ddiogelu Data (GDPR) y DU a Deddf Diogelu Data 2018.<\/p>\n<h2>Pa ddata rydym yn ei gasglu?<\/h2>\n<p>Mae Dysgu Oedolion Caerdydd (Dysgu ar gyfer Gwaith) yn casglu&#8217;r data canlynol:<\/p>\n<ul>\n<li>Rhif Adnabod dysgwr (wedi\u2019i greu gan eich Dysgu Oedolion)<\/li>\n<li>Cyfenw<\/li>\n<li>Enw(au) cyntaf<\/li>\n<li>Cyfeiriad<\/li>\n<li>Cod post<\/li>\n<li>Rhif ff\u00f4n<\/li>\n<li>Rhywedd<\/li>\n<li>Dyddiad geni<\/li>\n<\/ul>\n<p>Yn ogystal, mae data amdanoch a ddiffinnir fel data categori arbennig.\u00a0 Mae rhoi\u2019r data hwn yn ddewisol a bydd yn cynnwys;<\/p>\n<ul>\n<li>Math o anabledd<\/li>\n<li>Cyflwr iechyd<\/li>\n<li>Ethnigrwydd<\/li>\n<li>Gwybodaeth Feddygol*<\/li>\n<\/ul>\n<p>*Dim ond er mwyn cynnal sesiynau dysgu wyneb yn wyneb a sicrhau diogelwch y dysgwr y bydd angen Gwybodaeth Feddygol.<\/p>\n<p>Mwy o wybodaeth a gesglir ar gyfer cyrsiau a ariennir drwy grant:<\/p>\n<ul>\n<li>Rhif adnabod dysgwr unigryw (wedi\u2019i roi gan Lywodraeth Cymru)<\/li>\n<li>Cyfenw yn 16 oed<\/li>\n<li>Hunaniaeth genedlaethol<\/li>\n<li>Gwlad breswyl<\/li>\n<li>Rhif dysgwr unigryw (wedi\u2019i greu gan y Gwasanaeth Cofnodion Dysgu)<\/li>\n<li>Lefel y Gymraeg<\/li>\n<li>Statws Cyflogaeth<\/li>\n<\/ul>\n<h2>Sut rydym yn casglu eich data?<\/h2>\n<p>Mae Dysgu Oedolion Caerdydd (Dysgu ar gyfer Gwaith) yn casglu eich data personol pan fyddwch yn:<\/p>\n<ul>\n<li>Cofrestru eich diddordeb yn ein gwasanaethau drwy&#8217;r llinell gymorth, ap Gwasanaeth i Mewn i Waith Caerdydd neu Swyddog y Gwasanaeth i Mewn i Waith<\/li>\n<li>Cofrestru ar gyfer cwrs ar-lein neu&#8217;n cysylltu \u00e2 ni drwy e-bost neu dros y ff\u00f4n i ddefnyddio ein gwasanaethau<\/li>\n<li>Cwblhau arolwg cwsmeriaid yn wirfoddol neu\u2019n rhoi adborth ar unrhyw un o&#8217;n byrddau negeseuon neu drwy e-bost<\/li>\n<li>Defnyddio ein gwefan neu\u2019n edrych arni trwy gwcis eich porwr<\/li>\n<\/ul>\n<p>Efallai y bydd Addysg Oedolion Caerdydd (Dysgu ar gyfer Gwaith) hefyd yn derbyn eich data yn anuniongyrchol gan atgyfeirwyr trydydd parti yr ydych wedi rhoi caniat\u00e2d iddynt weithredu ar eich rhan at ddibenion cael hyfforddiant neu gyflogaeth. Mae\u2019r rhain yn cynnwys:<\/p>\n<ul>\n<li>Yr Adran Gwaith a Phensiynau\/Canolfan Waith<\/li>\n<li>Y Gwasanaeth Prawf Cenedlaethol<\/li>\n<li>Cymdeithasau Tai<\/li>\n<li>Unrhyw sefydliad trydydd parti arall sydd wedi cyflwyno gwybodaeth ar eich rhan i gael mynediad i gwrs<\/li>\n<\/ul>\n<h2>Sut byddwn yn defnyddio eich data?<\/h2>\n<p>Mae Dysgu Oedolion Caerdydd (Dysgu ar gyfer Gwaith) yn prosesu eich data fel y gallwch gofrestru ar gyfer cyrsiau.<\/p>\n<p>Byddwn yn defnyddio eich data at y dibenion canlynol:<\/p>\n<ul>\n<li>i gysylltu \u00e2 chi at ddibenion cofrestru ar gyfer cwrs<\/li>\n<li>i asesu cymhwysedd ar gyfer ein gwasanaethau<\/li>\n<li>at ddibenion ystadegol a chyfeirio<\/li>\n<li>i gydymffurfio \u00e2&#8217;n rhwymedigaethau cyfreithiol a rheoliadol fel Awdurdod Lleol<\/li>\n<li>i ateb ymholiadau gennych chi ac ymateb i unrhyw anghydfod gwirioneddol neu bosibl sy&#8217;n ymwneud \u00e2 chi<\/li>\n<li>i gynnal hyfforddiant ar gyfer ein dysgwyr<\/li>\n<li>i sicrhau bod eich anghenion yn cael eu bodloni ac y bydd cyfle cyfartal, yn unol \u00e2 Deddf Cydraddoldeb 2010<\/li>\n<li>i roi gwybodaeth i Lywodraeth Cymru ar gyfer cyrsiau a ariennir gan grant<\/li>\n<li>at ddibenion ystadegol ac ymchwil, sy\u2019n ein galluogi i gynnig y profiad dysgu gorau i\u2019n defnyddwyr<\/li>\n<li>i gynnal yr hyfforddiant rydych wedi cofrestru ar ei gyfer, yn ogystal ag unrhyw ddogfennaeth berthnasol fel tystysgrifau a thystiolaeth cwblhau<\/li>\n<\/ul>\n<h2>Gyda phwy rydym yn rhannu eich data?<\/h2>\n<p>Rhennir eich data personol \u00e2&#8217;r sefydliadau partner a restrir;<\/p>\n<h3>Llywodraeth Cymru<\/h3>\n<p>Mae gwybodaeth ystadegol yn cael ei rhannu \u00e2 Llywodraeth Cymru at ddibenion archwilio ac ariannu prosiectau.<\/p>\n<p>Efallai y byddwn hefyd yn rhannu eich gwybodaeth gydag adrannau eraill yng Nghyngor Caerdydd ar gyfer gwasanaethau neu gymorth ychwanegol lle rydych wedi rhoi eich caniat\u00e2d ymlaen llaw.<\/p>\n<h3>Goruchwylydd Allanol:<\/h3>\n<ul>\n<li>Estyn<\/li>\n<\/ul>\n<h3>Cyrff Arholi:<\/h3>\n<ul>\n<li>Highfields<\/li>\n<li>Agored Cymru<\/li>\n<li>Signature<\/li>\n<li>OCR<\/li>\n<li>BCS<\/li>\n<\/ul>\n<h3>Darparwr SMS\/E-bost<\/h3>\n<ul>\n<li>Gov.notify<\/li>\n<\/ul>\n<h2>Sut rydym yn storio eich data?<\/h2>\n<p>Mae Dysgu Oedolion Caerdydd (Dysgu ar gyfer Gwaith) yn storio eich data yn ddiogel ar ein gweinyddion.<\/p>\n<p>Byddwn yn cadw gwybodaeth bersonol yn unol \u00e2 pholisi cadw Llywodraeth Cymru. Os bydd eich cais yn llwyddiannus, gellir cadw eich data personol am hyd at 10 mlynedd ar \u00f4l y dyddiad y gwnaethoch gwrs Dysgu Oedolion Caerdydd (Dysgu ar gyfer Gwaith) ddiwethaf.<\/p>\n<p>Ar \u00f4l diwedd y cyfnod hwn, byddwn yn dileu eich data drwy ei ddileu o\u2019n systemau\u2019n anadferadwy.<\/p>\n<h2>Beth yw eich hawliau diogelu data?<\/h2>\n<p>Hoffai Dysgu Oedolion Caerdydd (Dysgu ar gyfer Gwaith) wneud yn si\u0175r eich bod yn gwbl ymwybodol o&#8217;ch holl hawliau diogelu data. Mae gan bob defnyddiwr hawl i&#8217;r canlynol:<\/p>\n<p>Yr hawl i gael mynediad \u2013 Mae gennych yr hawl i ofyn i Dysgu Oedolion Caerdydd (Dysgu ar gyfer Gwaith) am gop\u00efau o&#8217;ch data personol.<\/p>\n<p>Yr hawl i gywiro \u2013 Mae gennych yr hawl i ofyn i Dysgu Oedolion Caerdydd (Dysgu ar gyfer Gwaith) gywiro unrhyw wybodaeth sy&#8217;n anghywir yn eich barn chi.\u00a0 Mae hefyd gennych yr hawl i ofyn i Dysgu Oedolion Caerdydd (Dysgu ar gyfer Gwaith) gwblhau gwybodaeth sy\u2019n anghyflawn yn eich barn chi.<\/p>\n<p>Yr hawl i ddileu \u2013 Mae gennych yr hawl i ofyn i Dysgu Oedolion Caerdydd (Dysgu ar gyfer Gwaith) ddileu eich data personol, dan rai amodau.<\/p>\n<p>Yr hawl i gyfyngu ar brosesu \u2013 Mae gennych yr hawl i ofyn i Dysgu Oedolion Caerdydd (Dysgu ar gyfer Gwaith) gyfyngu ar brosesu eich data personol, dan rai amodau.<\/p>\n<p>Yr hawl i wrthwynebu prosesu \u2013 Mae gennych yr hawl i wrthwynebu i Dysgu Oedolion Caerdydd (Dysgu ar gyfer Gwaith) brosesu eich data personol, dan rai amodau.<\/p>\n<p>Yr hawl i gludo data \u2013 Mae gennych yr hawl i ofyn i Dysgu Oedolion Caerdydd (Dysgu ar gyfer Gwaith) drosglwyddo&#8217;r data yr ydym wedi&#8217;i gasglu i sefydliad arall, neu&#8217;n uniongyrchol i chi, dan rai amodau.<\/p>\n<p>Os gwnewch gais, bydd gennym un mis i ymateb i chi.\u00a0 Os hoffech arfer unrhyw un o&#8217;r hawliau hyn, cysylltwch \u00e2 ni ar ein cyfeiriad e-bost:<\/p>\n<p>E-bostiwch ni yn: <a href=\"mailto:diogeludata@caerdydd.gov.uk%20\">diogeludata@caerdydd.gov.uk<\/a><\/p>\n<p>Neu ysgrifennwch atom:<\/p>\n<p>Swyddog Diogelu Data<br \/>\nT\u00eem Llywodraethu Gwybodaeth<br \/>\nNeuadd y Sir<br \/>\nGlanfa&#8217;r Iwerydd<br \/>\nCaerdydd<br \/>\nCF10 4UW<\/p>\n<h2>Ein sail gyfreithlon<\/h2>\n<p>Ein sail gyfreithlon ar gyfer defnyddio eich data personol yn gyffredinol fydd un neu fwy o&#8217;r canlynol:<\/p>\n<p>Lle rydych wedi rhoi caniat\u00e2d i&#8217;ch data personol gael ei brosesu er mwyn derbyn hyfforddiant gan wasanaethau i Mewn i Waith.\u00a0 Lle dibynnir ar eich caniat\u00e2d, gallwch dynnu eich caniat\u00e2d yn \u00f4l ar unrhyw adeg a gallwch wneud hynny drwy gysylltu \u00e2 ni&#8217;n uniongyrchol ar <a href=\"mailto:ymholiadaddysgoedolion@caerdydd.gov.uk\">YmholiadAddysgOedolion@caerdydd.gov.uk<\/a>.<\/p>\n<p>Mae angen i ni brosesu eich data personol i fodloni ein rhwymedigaethau cyfreithiol fel Awdurdod Lleol.<\/p>\n<p>Efallai y byddwn hefyd yn prosesu eich data lle mae&#8217;n angenrheidiol at ddibenion ein buddiannau dilys fel awdurdod lleol.<\/p>\n<h2>Sut i gysylltu \u00e2 ni<\/h2>\n<p>Os oes gennych unrhyw gwestiynau am bolisi preifatrwydd Dysgu Oedolion Caerdydd (Dysgu ar gyfer Gwaith) neu\u2019r data rydym yn ei gadw amdanoch, neu os hoffech arfer un o\u2019ch hawliau diogelu data, mae croeso i chi gysylltu \u00e2 ni.<\/p>\n<p>E-bostiwch ni yn: <a href=\"mailto:diogeludata@caerdydd.gov.uk%20\">diogeludata@caerdydd.gov.uk<\/a><\/p>\n<p>Neu ysgrifennwch atom yn:<\/p>\n<p>Swyddog Diogelu Data<br \/>\nT\u00eem Llywodraethu Gwybodaeth<br \/>\nNeuadd y Sir<br \/>\nGlanfa&#8217;r Iwerydd<br \/>\nCaerdydd<br \/>\nCF10 4UW<\/p>\n<h3>Mwy o wybodaeth<\/h3>\n<p>I gael mwy o wybodaeth ynghylch sut mae Cyngor Caerdydd yn prosesu data personol, gweler y <a href=\"https:\/\/www.cardiff.gov.uk\/CYM\/Hafan\/Ymwadiad\/Pages\/default.aspx\">Polisi Preifatrwydd llawn<\/a>:<\/p>\n<h2>Sut i gysylltu \u00e2\u2019r awdurdod priodol<\/h2>\n<p>Os hoffech gyflwyno cwyn neu os teimlwch nad ydym wedi mynd i&#8217;r afael \u00e2&#8217;ch pryder mewn modd boddhaol, gallwch gysylltu \u00e2 Swyddfa&#8217;r Comisiynydd Gwybodaeth drwy ei gwefan: <a href=\"https:\/\/cy.ico.org.uk\/make-a-complaint\/data-protection-complaints\/data-protection-complaints\/\">Eich pryderon am wybodaeth bersonol | SCG<\/a> neu drwy ffonio 0303 123 1113.<\/p>\n<h2>Hysbysiad Caniat\u00e2d<\/h2>\n<p>Drwy roi eich manylion cyswllt i ni, cofiwch y bydd aelod o staff Dysgu Oedolion Caerdydd yn cysylltu \u00e2 chi. Os byddwch yn newid eich meddwl neu&#8217;n dymuno tynnu\u2019n \u00f4l eich caniat\u00e2d i ni gysylltu \u00e2 chi, anfonwch e-bost atom yn <a href=\"mailto:ymholiadaddysgoedolion@caerdydd.gov.uk\">YmholiadAddysgOedolion@caerdydd.gov.uk<\/a>.<\/p>\n<p>&nbsp;<\/p>\n","protected":false},"excerpt":{"rendered":"Mae Dysgu Oedolion Caerdydd (Dysgu ar gyfer Gwaith) yn rhan o Gyngor Caerdydd, Rheolydd y Data at ddibenion casglu data. Bydd y polisi preifatrwydd hwn yn esbonio sut mae Dysgu Oedolion Caerdydd (Dysgu ar gyfer Gwaith) yn defnyddio&#8217;r data personol a gasglwn gennych pan fyddwch yn defnyddio\u2019n gwefan neu\u2019n gwasanaeth. Mae\u2019r holl ddata personol a [&hellip;]","protected":false},"author":13,"featured_media":0,"parent":7646,"menu_order":0,"comment_status":"closed","ping_status":"closed","template":"","meta":{"footnotes":""},"class_list":["post-8504","page","type-page","status-publish","hentry"],"yoast_head":"<!-- This site is optimized with the Yoast SEO plugin v27.3 - https:\/\/yoast.com\/product\/yoast-seo-wordpress\/ -->\n<title>Hysbysiad Preifatrwydd - Dysgu ar gyfer Gwaith - Adult Learning Cardiff<\/title>\n<meta name=\"robots\" content=\"index, follow, max-snippet:-1, max-image-preview:large, max-video-preview:-1\" \/>\n<link rel=\"canonical\" href=\"https:\/\/www.adultlearningcardiff.co.uk\/cy\/cyrsiau-dysgu-ar-gyfer-gwaith\/hysbysiad-preifatrwydd-dysgu-ar-gyfer-gwaith\/\" \/>\n<meta property=\"og:locale\" content=\"cy_GB\" \/>\n<meta property=\"og:type\" content=\"article\" \/>\n<meta property=\"og:title\" content=\"Hysbysiad Preifatrwydd - Dysgu ar gyfer Gwaith - Adult Learning Cardiff\" \/>\n<meta property=\"og:description\" content=\"Mae Dysgu Oedolion Caerdydd (Dysgu ar gyfer Gwaith) yn rhan o Gyngor Caerdydd, Rheolydd y Data at ddibenion casglu data. Bydd y polisi preifatrwydd hwn yn esbonio sut mae Dysgu Oedolion Caerdydd (Dysgu ar gyfer Gwaith) yn defnyddio&#8217;r data personol a gasglwn gennych pan fyddwch yn defnyddio\u2019n gwefan neu\u2019n gwasanaeth. Mae\u2019r holl ddata personol a [&hellip;]\" \/>\n<meta property=\"og:url\" content=\"https:\/\/www.adultlearningcardiff.co.uk\/cy\/cyrsiau-dysgu-ar-gyfer-gwaith\/hysbysiad-preifatrwydd-dysgu-ar-gyfer-gwaith\/\" \/>\n<meta property=\"og:site_name\" content=\"Adult Learning Cardiff\" \/>\n<meta name=\"twitter:card\" content=\"summary_large_image\" \/>\n<meta name=\"twitter:label1\" content=\"Est. reading time\" \/>\n\t<meta name=\"twitter:data1\" content=\"6 minutes\" \/>\n<script type=\"application\/ld+json\" class=\"yoast-schema-graph\">{\"@context\":\"https:\\\/\\\/schema.org\",\"@graph\":[{\"@type\":\"WebPage\",\"@id\":\"https:\\\/\\\/www.adultlearningcardiff.co.uk\\\/cy\\\/cyrsiau-dysgu-ar-gyfer-gwaith\\\/hysbysiad-preifatrwydd-dysgu-ar-gyfer-gwaith\\\/\",\"url\":\"https:\\\/\\\/www.adultlearningcardiff.co.uk\\\/cy\\\/cyrsiau-dysgu-ar-gyfer-gwaith\\\/hysbysiad-preifatrwydd-dysgu-ar-gyfer-gwaith\\\/\",\"name\":\"Hysbysiad Preifatrwydd - Dysgu ar gyfer Gwaith - Adult Learning Cardiff\",\"isPartOf\":{\"@id\":\"https:\\\/\\\/www.adultlearningcardiff.co.uk\\\/cy\\\/#website\"},\"datePublished\":\"2024-01-16T11:59:10+00:00\",\"breadcrumb\":{\"@id\":\"https:\\\/\\\/www.adultlearningcardiff.co.uk\\\/cy\\\/cyrsiau-dysgu-ar-gyfer-gwaith\\\/hysbysiad-preifatrwydd-dysgu-ar-gyfer-gwaith\\\/#breadcrumb\"},\"inLanguage\":\"cy-GB\",\"potentialAction\":[{\"@type\":\"ReadAction\",\"target\":[\"https:\\\/\\\/www.adultlearningcardiff.co.uk\\\/cy\\\/cyrsiau-dysgu-ar-gyfer-gwaith\\\/hysbysiad-preifatrwydd-dysgu-ar-gyfer-gwaith\\\/\"]}]},{\"@type\":\"BreadcrumbList\",\"@id\":\"https:\\\/\\\/www.adultlearningcardiff.co.uk\\\/cy\\\/cyrsiau-dysgu-ar-gyfer-gwaith\\\/hysbysiad-preifatrwydd-dysgu-ar-gyfer-gwaith\\\/#breadcrumb\",\"itemListElement\":[{\"@type\":\"ListItem\",\"position\":1,\"name\":\"Hafan\",\"item\":\"https:\\\/\\\/www.adultlearningcardiff.co.uk\\\/cy\\\/\"},{\"@type\":\"ListItem\",\"position\":2,\"name\":\"Cyrsiau Dysgu ar gyfer Gwaith\",\"item\":\"https:\\\/\\\/www.adultlearningcardiff.co.uk\\\/cy\\\/cyrsiau-dysgu-ar-gyfer-gwaith\\\/\"},{\"@type\":\"ListItem\",\"position\":3,\"name\":\"Hysbysiad Preifatrwydd &#8211; Dysgu ar gyfer Gwaith\"}]},{\"@type\":\"WebSite\",\"@id\":\"https:\\\/\\\/www.adultlearningcardiff.co.uk\\\/cy\\\/#website\",\"url\":\"https:\\\/\\\/www.adultlearningcardiff.co.uk\\\/cy\\\/\",\"name\":\"Adult Learning Cardiff\",\"description\":\"Learning for Life and Work\",\"potentialAction\":[{\"@type\":\"SearchAction\",\"target\":{\"@type\":\"EntryPoint\",\"urlTemplate\":\"https:\\\/\\\/www.adultlearningcardiff.co.uk\\\/cy\\\/?s={search_term_string}\"},\"query-input\":{\"@type\":\"PropertyValueSpecification\",\"valueRequired\":true,\"valueName\":\"search_term_string\"}}],\"inLanguage\":\"cy-GB\"}]}<\/script>\n<!-- \/ Yoast SEO plugin. -->","yoast_head_json":{"title":"Hysbysiad Preifatrwydd - Dysgu ar gyfer Gwaith - Adult Learning Cardiff","robots":{"index":"index","follow":"follow","max-snippet":"max-snippet:-1","max-image-preview":"max-image-preview:large","max-video-preview":"max-video-preview:-1"},"canonical":"https:\/\/www.adultlearningcardiff.co.uk\/cy\/cyrsiau-dysgu-ar-gyfer-gwaith\/hysbysiad-preifatrwydd-dysgu-ar-gyfer-gwaith\/","og_locale":"cy_GB","og_type":"article","og_title":"Hysbysiad Preifatrwydd - Dysgu ar gyfer Gwaith - Adult Learning Cardiff","og_description":"Mae Dysgu Oedolion Caerdydd (Dysgu ar gyfer Gwaith) yn rhan o Gyngor Caerdydd, Rheolydd y Data at ddibenion casglu data. Bydd y polisi preifatrwydd hwn yn esbonio sut mae Dysgu Oedolion Caerdydd (Dysgu ar gyfer Gwaith) yn defnyddio&#8217;r data personol a gasglwn gennych pan fyddwch yn defnyddio\u2019n gwefan neu\u2019n gwasanaeth. Mae\u2019r holl ddata personol a [&hellip;]","og_url":"https:\/\/www.adultlearningcardiff.co.uk\/cy\/cyrsiau-dysgu-ar-gyfer-gwaith\/hysbysiad-preifatrwydd-dysgu-ar-gyfer-gwaith\/","og_site_name":"Adult Learning Cardiff","twitter_card":"summary_large_image","twitter_misc":{"Est. reading time":"6 minutes"},"schema":{"@context":"https:\/\/schema.org","@graph":[{"@type":"WebPage","@id":"https:\/\/www.adultlearningcardiff.co.uk\/cy\/cyrsiau-dysgu-ar-gyfer-gwaith\/hysbysiad-preifatrwydd-dysgu-ar-gyfer-gwaith\/","url":"https:\/\/www.adultlearningcardiff.co.uk\/cy\/cyrsiau-dysgu-ar-gyfer-gwaith\/hysbysiad-preifatrwydd-dysgu-ar-gyfer-gwaith\/","name":"Hysbysiad Preifatrwydd - Dysgu ar gyfer Gwaith - Adult Learning Cardiff","isPartOf":{"@id":"https:\/\/www.adultlearningcardiff.co.uk\/cy\/#website"},"datePublished":"2024-01-16T11:59:10+00:00","breadcrumb":{"@id":"https:\/\/www.adultlearningcardiff.co.uk\/cy\/cyrsiau-dysgu-ar-gyfer-gwaith\/hysbysiad-preifatrwydd-dysgu-ar-gyfer-gwaith\/#breadcrumb"},"inLanguage":"cy-GB","potentialAction":[{"@type":"ReadAction","target":["https:\/\/www.adultlearningcardiff.co.uk\/cy\/cyrsiau-dysgu-ar-gyfer-gwaith\/hysbysiad-preifatrwydd-dysgu-ar-gyfer-gwaith\/"]}]},{"@type":"BreadcrumbList","@id":"https:\/\/www.adultlearningcardiff.co.uk\/cy\/cyrsiau-dysgu-ar-gyfer-gwaith\/hysbysiad-preifatrwydd-dysgu-ar-gyfer-gwaith\/#breadcrumb","itemListElement":[{"@type":"ListItem","position":1,"name":"Hafan","item":"https:\/\/www.adultlearningcardiff.co.uk\/cy\/"},{"@type":"ListItem","position":2,"name":"Cyrsiau Dysgu ar gyfer Gwaith","item":"https:\/\/www.adultlearningcardiff.co.uk\/cy\/cyrsiau-dysgu-ar-gyfer-gwaith\/"},{"@type":"ListItem","position":3,"name":"Hysbysiad Preifatrwydd &#8211; Dysgu ar gyfer Gwaith"}]},{"@type":"WebSite","@id":"https:\/\/www.adultlearningcardiff.co.uk\/cy\/#website","url":"https:\/\/www.adultlearningcardiff.co.uk\/cy\/","name":"Adult Learning Cardiff","description":"Learning for Life and Work","potentialAction":[{"@type":"SearchAction","target":{"@type":"EntryPoint","urlTemplate":"https:\/\/www.adultlearningcardiff.co.uk\/cy\/?s={search_term_string}"},"query-input":{"@type":"PropertyValueSpecification","valueRequired":true,"valueName":"search_term_string"}}],"inLanguage":"cy-GB"}]}},"_links":{"self":[{"href":"https:\/\/www.adultlearningcardiff.co.uk\/cy\/wp-json\/wp\/v2\/pages\/8504","targetHints":{"allow":["GET"]}}],"collection":[{"href":"https:\/\/www.adultlearningcardiff.co.uk\/cy\/wp-json\/wp\/v2\/pages"}],"about":[{"href":"https:\/\/www.adultlearningcardiff.co.uk\/cy\/wp-json\/wp\/v2\/types\/page"}],"author":[{"embeddable":true,"href":"https:\/\/www.adultlearningcardiff.co.uk\/cy\/wp-json\/wp\/v2\/users\/13"}],"replies":[{"embeddable":true,"href":"https:\/\/www.adultlearningcardiff.co.uk\/cy\/wp-json\/wp\/v2\/comments?post=8504"}],"version-history":[{"count":1,"href":"https:\/\/www.adultlearningcardiff.co.uk\/cy\/wp-json\/wp\/v2\/pages\/8504\/revisions"}],"predecessor-version":[{"id":8505,"href":"https:\/\/www.adultlearningcardiff.co.uk\/cy\/wp-json\/wp\/v2\/pages\/8504\/revisions\/8505"}],"up":[{"embeddable":true,"href":"https:\/\/www.adultlearningcardiff.co.uk\/cy\/wp-json\/wp\/v2\/pages\/7646"}],"wp:attachment":[{"href":"https:\/\/www.adultlearningcardiff.co.uk\/cy\/wp-json\/wp\/v2\/media?parent=8504"}],"curies":[{"name":"wp","href":"https:\/\/api.w.org\/{rel}","templated":true}]}}